{"id":21,"date":"2019-09-06T14:59:48","date_gmt":"2019-09-06T14:59:48","guid":{"rendered":"https:\/\/whistleblowings.com\/?p=21"},"modified":"2023-11-14T16:38:05","modified_gmt":"2023-11-14T16:38:05","slug":"extensions","status":"publish","type":"page","link":"https:\/\/whistleblowings.com\/?page_id=21","title":{"rendered":"whistleblowing &#8211; La normativa"},"content":{"rendered":"<h1>\n<p style=\"text-align: left;\">La normativa per le segnalazioni di illeciti e la gestione del whistleblowing nel settore privato.<\/p>\n<\/h1>\n<div>\n<h3>Qualunque sia la dimensione della tua organizzazione vi\u00a0 permettiamo di gestire in maniera ottimale il whistleblowing. Supporto tecnico &#8220;chiavi in mano&#8221; corredato di consulenza legale.<\/h3>\n<\/div>\n<p><img decoding=\"async\" src=\"\/wp-content\/uploads\/yootheme\/home-features-02.png\" alt=\"\"><\/p>\n<h2>\n<h1>Ma il nostro servizio non \u00e8 solo software&#8230;<\/h1>\n<\/h2>\n<div>\n<p>La nostra missione \u00e8 promuovere la trasparenza e la giustizia, e siamo pronti per aiutarti a comprendere e attuare le direttive sul whistleblowing e non solo per rispettare la normativa ed essere tranquilli.<\/p>\n<p>Comprendiamo la delicatezza e la complessit\u00e0 di questo argomento, ecco perch\u00e9 siamo pronti a offrire soluzioni moderne, calibrate e una consulenza esperta.<\/p>\n<p>Se stai cercando una piattaforma tecnologica per la gestione delle segnalazioni o desideri esternalizzare completamente il processo, possiamo aiutarti. Sicuramente i nostri esperti possono essere il tuo alleato.<\/p>\n<p>l whistleblowing rappresenta una pratica fondamentale per ogni azienda che ambisce a mantenere standard elevati di compliance.\u00a0Nel contesto attuale, con crescenti richieste di trasparenza e responsabilit\u00e0 da parte delle aziende, l\u2019adozione di sistemi di whistleblowing diventa un elemento chiave del successo aziendale. Non solo risponde a precisi obblighi normativi, come quelli delineati dalla direttiva whistleblowing, ma diventa una componente strategica per le aziende, poich\u00e9 assicura una gestione proattiva delle eventuali violazioni.<\/p>\n<p>Contattaci per ulteriori informazioni e iniziamo a fare la differenza insieme!<\/p>\n<\/div>\n<p>\n    <a href=\"\/index.php?page_id=2\">Dettagli<\/a>\n<\/p>\n<p><img decoding=\"async\" src=\"\/wp-content\/uploads\/2023\/11\/canal-1024x726-1.png\" alt=\"\"><\/p>\n<h2>La nuova disciplina sul whistleblowing<\/h2>\n<div>\n<p>Con il decreto legislativo 24 del 2023 \u00e8 stata emanata la nuova disciplina del whistleblowing che deve essere applicata dalle organizzazioni che hanno impiegato, nell\u2019ultimo anno, la media di almeno 50 lavoratori subordinati con contratti di lavoro a tempo indeterminato o determinato. La nuova normativa \u00e8 entrata in vigore il 15 luglio 2023, ma per le imprese che abbiano impiegato, nell\u2019ultimo anno, una media fino a 249 lavoratori gli obblighi decorreranno dal 17 dicembre 2023.<\/p>\n<p>La segnalazione pu\u00f2 essere inoltrata non solo dai dipendenti, ma anche dai professionisti, consulenti, lavoratori autonomi e collaboratori che svolgono la propria attivit\u00e0 presso i soggetti privati oppure forniscono beni o servizi ed inoltre anche i volontari e i tirocinanti anche non retribuiti e gli azionisti e le persone con funzioni di amministrazione, direzione, controllo, vigilanza o rappresentanza.\u00a0<\/p>\n<p>Le organizzazioni obbligate devono, poi, istituire un canale di segnalazione interna che garantisca la riservatezza dell\u2019identit\u00e0 del segnalante, delle persone coinvolte, nonch\u00e9 del contenuto della stessa e della relativa documentazione. Le informazioni sul funzionamento del canale interno devono essere rese facilmente visibili nei luoghi di lavoro ed in una sezione dedicata del proprio sito internet.<\/p>\n<p>\u00c8 prevista l\u2019istituzione di un canale di segnalazione esterna gestito dall\u2019Autorit\u00e0 Nazionale Anticorruzione, alla quale il segnalante si pu\u00f2 rivolgere se il canale di segnalazione interna non viene attivato o non \u00e8 stato realizzato nel rispetto dei requisiti normativi. Come previsto dal d.lgs. 24\/2023 l\u2019ANAC ha adottato con la delibera n. 311 del 12 luglio 2023 apposite Linee Guida relative alle procedure per la presentazione e la gestione delle segnalazioni esterne.<\/p>\n<\/p>\n<p>Il whistleblower pu\u00f2 anche effettuare una divulgazione pubblica dei fatti illeciti se la segnalazione interna o esterna effettuata non ha ricevuto riscontro nei termini previsti o se teme che la violazione possa costituire un pericolo imminente o palese per il pubblico interesse.<\/p>\n<\/p>\n<\/div>\n<div>\n<h1>Cos\u2019\u00e8 whistleblowing e chi \u00e8 il whistleblower<\/h1>\n<p>Il whistleblowing \u00e8 l\u2019atto concreto attraverso cui un individuo segnala comportamenti o attivit\u00e0 illegali o immorali compiute all\u2019interno di un\u2019organizzazione o un\u2019azienda, senza subire ritorsioni o discriminazioni.<br \/>La segnalazione pu\u00f2 riguardare una vasta gamma di violazioni o comportamenti illeciti, come la corruzione, le frodi, le discriminazioni, le molestie sessuali, le violazioni dei diritti dei lavoratori o dell\u2019ambiente.<\/p>\n<p>Informare di una violazione o di un comportamento illecito \u00e8 un atto di coraggio e di responsabilit\u00e0, ma potenzialmente pu\u00f2 anche comportare rischi per il segnalatore, come la perdita del lavoro, la discriminazione, il mobbing o la diffamazione.<\/p>\n<p>Il whistleblowing rappresenta uno strumento importante per prevenire e individuare atti illegali o comportamenti illeciti all\u2019interno dell\u2019organizzazione, ma deve essere accompagnato da misure di protezione specifiche e da una cultura aziendale etica e trasparente. Per questo motivo, la tutela del whistleblower \u00e8 estremamente importante.<\/p>\n<h1>La tutela del whistleblower<\/h1>\n<p>La normativa europea e italiana prevedono misure di protezione specifiche per garantire l\u2019anonimato del segnalatore e prevenire qualsiasi forma di pericolo o ritorsione nei suoi confronti.<br \/>L\u2019implementazione di un canale di segnalazione efficace e sicuro, come un software di whistleblowing, contribuisce a garantire la protezione del whistleblower e la gestione efficiente e riservata delle informazioni ricevute.<br \/>Un software di whistleblowing consente all\u2019informatore di effettuare la segnalazione in modo anonimo e sicuro, senza dover rivelare la propria identit\u00e0: in questo modo, il whistleblower pu\u00f2 sentirsi protetto dalla minaccia di ritorsioni o discriminazioni e contare su un alto livello di sicurezza e privacy delle informazioni inviate, grazie alla possibilit\u00e0 di criptare le comunicazioni e di proteggere i suoi dati personali.<\/p>\n<\/div>\n<ul>\n<li>\n        <a href=\"https:\/\/www.anticorruzione.it\/-\/del.311.2023.linee.guida.whistleblowing\">ANAC &#8211; linee guida whistleblowing<\/a>\n    <\/li>\n<li>\n        <a href=\"\/wp-content\/uploads\/2023\/11\/Anac-Whistleblowing-novita-del-d.lgs-24.2023-.pdf\">ANAC &#8211; Presentazione Whistleblowing <\/a>\n    <\/li>\n<\/ul>\n<p><!--more--><br \/>\n<!-- {\"type\":\"layout\",\"children\":[{\"name\":\"Hero\",\"type\":\"section\",\"props\":{\"animation\":\"fade\",\"header_transparent\":\"light\",\"header_transparent_noplaceholder\":false,\"height\":\"full\",\"image\":\"wp-content\\\/uploads\\\/yootheme\\\/extensions-hero.png\",\"image_loading\":true,\"image_position\":\"center-center\",\"image_size\":\"cover\",\"overlap\":false,\"padding_remove_bottom\":false,\"padding_remove_horizontal\":false,\"padding_remove_top\":true,\"style\":\"default\",\"text_color\":\"light\",\"title_breakpoint\":\"xl\",\"title_position\":\"top-left\",\"title_rotation\":\"left\",\"vertical_align\":\"middle\",\"width\":\"default\"},\"children\":[{\"type\":\"row\",\"children\":[{\"type\":\"column\",\"props\":{\"image_position\":\"center-center\",\"position_sticky_breakpoint\":\"m\",\"width_xlarge\":\"1-1\"},\"children\":[{\"type\":\"headline\",\"props\":{\"content\":\"\n\n<p style=\\\"text-align: left;\\\">La normativa per le segnalazioni di illeciti e la gestione del whistleblowing nel settore privato.<\\\/p>\",\"maxwidth\":\"2xlarge\",\"text_align\":\"left\",\"title_element\":\"h1\",\"title_style\":\"heading-medium\"}},{\"type\":\"text\",\"props\":{\"column_breakpoint\":\"m\",\"content\":\"\n\n<h3>Qualunque sia la dimensione della tua organizzazione vi\\u00a0 permettiamo di gestire in maniera ottimale il whistleblowing. Supporto tecnico \\\"chiavi in mano\\\" corredato di consulenza legale.<\\\/h3>\",\"margin\":\"medium\",\"maxwidth\":\"xlarge\"}}]}]}]},{\"name\":\"Extension\",\"type\":\"section\",\"props\":{\"animation\":\"slide-left-medium\",\"animation_delay\":\"200\",\"id\":\"cyo\",\"image_position\":\"center-center\",\"padding_remove_bottom\":false,\"style\":\"default\",\"title_breakpoint\":\"xl\",\"title_position\":\"top-left\",\"title_rotation\":\"left\",\"vertical_align\":\"middle\",\"width\":\"\"},\"children\":[{\"type\":\"row\",\"props\":{\"column_gap\":\"large\",\"layout\":\"1-3,2-3\",\"margin\":\"xlarge\",\"row_gap\":\"large\",\"vertical_align\":true},\"children\":[{\"type\":\"column\",\"props\":{\"image_position\":\"center-center\",\"position_sticky_breakpoint\":\"m\",\"vertical_align\":\"middle\",\"width_medium\":\"1-3\"},\"children\":[{\"type\":\"image\",\"props\":{\"animation\":\"fade\",\"container_padding_remove\":false,\"image\":\"wp-content\\\/uploads\\\/yootheme\\\/home-features-02.png\",\"image_svg_color\":\"emphasis\",\"margin\":\"default\",\"margin_remove_bottom\":false,\"margin_remove_top\":false}}]},{\"type\":\"column\",\"props\":{\"image_position\":\"center-center\",\"position_sticky_breakpoint\":\"m\",\"style\":\"tile-default\",\"vertical_align\":\"middle\",\"width_medium\":\"2-3\"},\"children\":[{\"type\":\"headline\",\"props\":{\"content\":\"\n\n<h1>Ma il nostro servizio non \\u00e8 solo software...<\\\/h1>\",\"maxwidth\":\"large\",\"title_element\":\"h2\",\"title_style\":\"h1\"}},{\"type\":\"text\",\"props\":{\"column_breakpoint\":\"m\",\"content\":\"\n\n<p>La nostra missione \\u00e8 promuovere la trasparenza e la giustizia, e siamo pronti per aiutarti a comprendere e attuare le direttive sul whistleblowing e non solo per rispettare la normativa ed essere tranquilli.<\\\/p>\\n\n\n<p>Comprendiamo la delicatezza e la complessit\\u00e0 di questo argomento, ecco perch\\u00e9 siamo pronti a offrire soluzioni moderne, calibrate e una consulenza esperta.<\\\/p>\\n\n\n<p>Se stai cercando una piattaforma tecnologica per la gestione delle segnalazioni o desideri esternalizzare completamente il processo, possiamo aiutarti. Sicuramente i nostri esperti possono essere il tuo alleato.<\\\/p>\\n\n\n<p>l whistleblowing rappresenta una pratica fondamentale per ogni azienda che ambisce a mantenere standard elevati di compliance.\\u00a0Nel contesto attuale, con crescenti richieste di trasparenza e responsabilit\\u00e0 da parte delle aziende, l\\u2019adozione di sistemi di whistleblowing diventa un elemento chiave del successo aziendale. Non solo risponde a precisi obblighi normativi, come quelli delineati dalla direttiva whistleblowing, ma diventa una componente strategica per le aziende, poich\\u00e9 assicura una gestione proattiva delle eventuali violazioni.<\\\/p>\\n\n\n<p>Contattaci per ulteriori informazioni e iniziamo a fare la differenza insieme!<\\\/p>\",\"margin\":\"medium\",\"maxwidth\":\"2xlarge\"}},{\"type\":\"button\",\"props\":{\"grid_column_gap\":\"medium\",\"grid_row_gap\":\"medium\",\"margin\":\"default\"},\"children\":[{\"type\":\"button_item\",\"props\":{\"button_style\":\"primary\",\"content\":\"Dettagli\",\"icon_align\":\"left\",\"link\":\"index.php?page_id=2\"}}]}]}]}]},{\"name\":\"Call to Action\",\"type\":\"section\",\"props\":{\"animation\":\"slide-bottom-medium\",\"animation_delay\":\"200\",\"image_position\":\"center-center\",\"style\":\"default\",\"title_breakpoint\":\"xl\",\"title_position\":\"top-left\",\"title_rotation\":\"left\",\"vertical_align\":\"middle\",\"width\":\"default\"},\"children\":[{\"type\":\"row\",\"props\":{\"column_gap\":\"large\",\"divider\":false,\"layout\":\"1-5,4-5\",\"margin\":\"xlarge\",\"margin_remove_top\":false,\"row_gap\":\"large\",\"vertical_align\":true,\"width\":\"default\"},\"children\":[{\"type\":\"column\",\"props\":{\"image_position\":\"center-center\",\"position_sticky_breakpoint\":\"m\",\"width_medium\":\"1-5\"},\"children\":[{\"type\":\"image\",\"props\":{\"image\":\"wp-content\\\/uploads\\\/2023\\\/11\\\/canal-1024x726-1.png\",\"image_svg_color\":\"emphasis\",\"margin\":\"default\"}}]},{\"type\":\"column\",\"props\":{\"image_position\":\"center-center\",\"position_sticky_breakpoint\":\"m\",\"width_medium\":\"4-5\"},\"children\":[{\"type\":\"headline\",\"props\":{\"content\":\"La nuova disciplina sul whistleblowing\",\"text_align\":\"left\",\"text_align_breakpoint\":\"s\",\"text_align_fallback\":\"center\",\"title_element\":\"h2\",\"title_style\":\"h1\"}},{\"type\":\"text\",\"props\":{\"column_breakpoint\":\"m\",\"content\":\"\n\n<p>Con il decreto legislativo 24 del 2023 \\u00e8 stata emanata la nuova disciplina del whistleblowing che deve essere applicata dalle organizzazioni che hanno impiegato, nell\\u2019ultimo anno, la media di almeno 50 lavoratori subordinati con contratti di lavoro a tempo indeterminato o determinato. La nuova normativa \\u00e8 entrata in vigore il 15 luglio 2023, ma per le imprese che abbiano impiegato, nell\\u2019ultimo anno, una media fino a 249 lavoratori gli obblighi decorreranno dal 17 dicembre 2023.<\\\/p>\\n\n\n<p>La segnalazione pu\\u00f2 essere inoltrata non solo dai dipendenti, ma anche dai professionisti, consulenti, lavoratori autonomi e collaboratori che svolgono la propria attivit\\u00e0 presso i soggetti privati oppure forniscono beni o servizi ed inoltre anche i volontari e i tirocinanti anche non retribuiti e gli azionisti e le persone con funzioni di amministrazione, direzione, controllo, vigilanza o rappresentanza.\\u00a0<\\\/p>\\n\n\n<p>Le organizzazioni obbligate devono, poi, istituire un canale di segnalazione interna che garantisca la riservatezza dell\\u2019identit\\u00e0 del segnalante, delle persone coinvolte, nonch\\u00e9 del contenuto della stessa e della relativa documentazione. Le informazioni sul funzionamento del canale interno devono essere rese facilmente visibili nei luoghi di lavoro ed in una sezione dedicata del proprio sito internet.<\\\/p>\\n\n\n<p>\\u00c8 prevista l\\u2019istituzione di un canale di segnalazione esterna gestito dall\\u2019Autorit\\u00e0 Nazionale Anticorruzione, alla quale il segnalante si pu\\u00f2 rivolgere se il canale di segnalazione interna non viene attivato o non \\u00e8 stato realizzato nel rispetto dei requisiti normativi. Come previsto dal d.lgs. 24\\\/2023 l\\u2019ANAC ha adottato con la delibera n. 311 del 12 luglio 2023 apposite Linee Guida relative alle procedure per la presentazione e la gestione delle segnalazioni esterne.<\\\/p>\\n\n\n<p><\\\/p>\\n\n\n<p>Il whistleblower pu\\u00f2 anche effettuare una divulgazione pubblica dei fatti illeciti se la segnalazione interna o esterna effettuata non ha ricevuto riscontro nei termini previsti o se teme che la violazione possa costituire un pericolo imminente o palese per il pubblico interesse.<\\\/p>\\n\n\n<p><\\\/p>\",\"margin\":\"default\",\"text_align\":\"left\",\"text_align_breakpoint\":\"s\",\"text_align_fallback\":\"center\"}},{\"type\":\"text\",\"props\":{\"column_breakpoint\":\"m\",\"content\":\"\n\n<h1>Cos\\u2019\\u00e8 whistleblowing e chi \\u00e8 il whistleblower<\\\/h1>\\n\n\n<p><br \\\/>Il whistleblowing \\u00e8 l\\u2019atto concreto attraverso cui un individuo segnala comportamenti o attivit\\u00e0 illegali o immorali compiute all\\u2019interno di un\\u2019organizzazione o un\\u2019azienda, senza subire ritorsioni o discriminazioni.<br \\\/>La segnalazione pu\\u00f2 riguardare una vasta gamma di violazioni o comportamenti illeciti, come la corruzione, le frodi, le discriminazioni, le molestie sessuali, le violazioni dei diritti dei lavoratori o dell\\u2019ambiente.<\\\/p>\\n\n\n<p>Informare di una violazione o di un comportamento illecito \\u00e8 un atto di coraggio e di responsabilit\\u00e0, ma potenzialmente pu\\u00f2 anche comportare rischi per il segnalatore, come la perdita del lavoro, la discriminazione, il mobbing o la diffamazione.<\\\/p>\\n\n\n<p>Il whistleblowing rappresenta uno strumento importante per prevenire e individuare atti illegali o comportamenti illeciti all\\u2019interno dell\\u2019organizzazione, ma deve essere accompagnato da misure di protezione specifiche e da una cultura aziendale etica e trasparente. Per questo motivo, la tutela del whistleblower \\u00e8 estremamente importante.<\\\/p>\\n\n\n<h1>La tutela del whistleblower<\\\/h1>\\n\n\n<p><br \\\/>La normativa europea e italiana prevedono misure di protezione specifiche per garantire l\\u2019anonimato del segnalatore e prevenire qualsiasi forma di pericolo o ritorsione nei suoi confronti.<br \\\/>L\\u2019implementazione di un canale di segnalazione efficace e sicuro, come un software di whistleblowing, contribuisce a garantire la protezione del whistleblower e la gestione efficiente e riservata delle informazioni ricevute.<br \\\/>Un software di whistleblowing consente all\\u2019informatore di effettuare la segnalazione in modo anonimo e sicuro, senza dover rivelare la propria identit\\u00e0: in questo modo, il whistleblower pu\\u00f2 sentirsi protetto dalla minaccia di ritorsioni o discriminazioni e contare su un alto livello di sicurezza e privacy delle informazioni inviate, grazie alla possibilit\\u00e0 di criptare le comunicazioni e di proteggere i suoi dati personali.<\\\/p>\",\"margin\":\"default\"}},{\"type\":\"button\",\"props\":{\"grid_column_gap\":\"small\",\"grid_row_gap\":\"small\",\"margin\":\"default\"},\"children\":[{\"type\":\"button_item\",\"props\":{\"button_style\":\"default\",\"content\":\"ANAC - linee guida whistleblowing\",\"icon_align\":\"left\",\"link\":\"https:\\\/\\\/www.anticorruzione.it\\\/-\\\/del.311.2023.linee.guida.whistleblowing\",\"link_title\":\"ANAC\"}},{\"type\":\"button_item\",\"props\":{\"button_style\":\"default\",\"content\":\"ANAC - Presentazione Whistleblowing \",\"icon_align\":\"left\",\"link\":\"wp-content\\\/uploads\\\/2023\\\/11\\\/Anac-Whistleblowing-novita-del-d.lgs-24.2023-.pdf\",\"link_title\":\"Presentazione\"}}]}]}]}]}],\"version\":\"4.1.3\"} --><\/p>\n","protected":false},"excerpt":{"rendered":"<p>La normativa per le segnalazioni di illeciti e la gestione del whistleblowing nel settore privato. Qualunque sia la dimensione della tua organizzazione vi\u00a0 permettiamo di gestire in maniera ottimale il whistleblowing. Supporto tecnico &#8220;chiavi in mano&#8221; corredato di consulenza legale. Ma il nostro servizio non \u00e8 solo software&#8230; La nostra missione \u00e8 promuovere la trasparenza [&hellip;]<\/p>\n","protected":false},"author":1,"featured_media":0,"parent":0,"menu_order":2,"comment_status":"open","ping_status":"open","template":"","meta":{"footnotes":""},"class_list":["post-21","page","type-page","status-publish","hentry"],"acf":[],"_links":{"self":[{"href":"https:\/\/whistleblowings.com\/index.php?rest_route=\/wp\/v2\/pages\/21","targetHints":{"allow":["GET"]}}],"collection":[{"href":"https:\/\/whistleblowings.com\/index.php?rest_route=\/wp\/v2\/pages"}],"about":[{"href":"https:\/\/whistleblowings.com\/index.php?rest_route=\/wp\/v2\/types\/page"}],"author":[{"embeddable":true,"href":"https:\/\/whistleblowings.com\/index.php?rest_route=\/wp\/v2\/users\/1"}],"replies":[{"embeddable":true,"href":"https:\/\/whistleblowings.com\/index.php?rest_route=%2Fwp%2Fv2%2Fcomments&post=21"}],"version-history":[{"count":57,"href":"https:\/\/whistleblowings.com\/index.php?rest_route=\/wp\/v2\/pages\/21\/revisions"}],"predecessor-version":[{"id":1514,"href":"https:\/\/whistleblowings.com\/index.php?rest_route=\/wp\/v2\/pages\/21\/revisions\/1514"}],"wp:attachment":[{"href":"https:\/\/whistleblowings.com\/index.php?rest_route=%2Fwp%2Fv2%2Fmedia&parent=21"}],"curies":[{"name":"wp","href":"https:\/\/api.w.org\/{rel}","templated":true}]}}