{"id":2,"date":"2019-09-06T14:59:50","date_gmt":"2019-09-06T14:59:50","guid":{"rendered":"https:\/\/whistleblowings.com\/?p=2"},"modified":"2023-11-13T16:46:19","modified_gmt":"2023-11-13T16:46:19","slug":"features","status":"publish","type":"page","link":"https:\/\/whistleblowings.com\/?page_id=2","title":{"rendered":"Whistleblowing &#8211; Dettagli"},"content":{"rendered":"<h1>\n<p class=\"default-h1 mt-4 text-white !font-medium\">Implementa un canale di segnalazione completamente conforme, sicuro e intuitivo.<\/p>\n<\/h1>\n<p><a href=\"#cloud\"><img decoding=\"async\" src=\"\/wp-content\/uploads\/yootheme\/company-image.svg\" alt=\"\"><\/a><br \/>\n<img decoding=\"async\" src=\"\/wp-content\/uploads\/yootheme\/features-hero-bg-03.svg\" alt=\"\"><br \/>\n<img decoding=\"async\" src=\"\/wp-content\/uploads\/yootheme\/features-feature-01-01.svg\" alt=\"\"><\/p>\n<h2>Whistleblowing web<\/p>\n<div><\/div>\n<\/h2>\n<div>\n<p>Il Whistleblowing \u00e8 un termine di origine anglosassone che disciplina la condotta di quei soggetti, sia dipendenti di organizzazioni pubbliche o private sia terzi, che attuano un comportamento positivo di contrasto a qualunque condotta illecita e non improntata ai principi di eticit\u00e0 ed integrit\u00e0, attraverso la segnalazione di situazioni di cattiva gestione, irregolarit\u00e0 o illiceit\u00e0 interne all\u2019organizzazione.<\/p>\n<\/div>\n<p><img decoding=\"async\" src=\"\/wp-content\/uploads\/yootheme\/features-feature-02-02.png\" alt=\"\"><br \/>\n<img decoding=\"async\" src=\"\/wp-content\/uploads\/2023\/11\/overview.png\" alt=\"\"><\/p>\n<h1><span>Cosa devono fare i datori di lavoro.<\/span><\/h1>\n<div>\n<p>Per le aziende private i datori di lavoro interessati devono predisporre procedure e canali di comunicazione utili a favorire le segnalazioni interne all&#8217;azienda, garantendo l&#8217;anonimato e la riservatezza dell&#8217;autore e dei documenti presentati. La tutela pu\u00f2 riguardare anche lavoratori autonomi, non dipendenti, ma con rapporto di collaborazione o consulenza.<\/p>\n<p>I canali di segnalazione possono prevedere l&#8217;utilizzo di forme scritte, digitali o con conversazioni dirette con il segnalante.<br \/>Devono essere messe a disposizione di tutti i dipendenti informazioni chiare sul canale, sulle procedure e sui presupposti per effettuare le segnalazioni interne o esterne ( nel caso in cui la segnalazione interna non abbia avuto seguito). Le informazioni vanno esposte e rese facilmente visibili nei luoghi di lavoro, nonche&#8217; rese accessibili alle persone che pur non frequentando i luoghi di lavoro intrattengono un rapporto giuridico e rese pubbliche eventualmente nel sito internet aziendale.<br \/>Il decreto 24 2023 precisa all&#8217;art 17 quali sono i casi di comportamenti ritorsivi verso chi segnala le irregolarit\u00e0 che sono vietati .<\/p>\n<p>Si tratta in particolare di:<\/p>\n<p style=\"padding-left: 40px;\">\u2022 <em>licenziamento;<\/em><br \/><em>\u2022 sospensione, anche di natura disciplinare o misure analoghe;<\/em><br \/><em>\u2022 mancate promozioni o le retrocessioni di grado;<\/em><br \/><em>\u2022 cambiamento di mansioni;<\/em><br \/><em>\u2022 trasferimento;<\/em><br \/><em>\u2022 modifiche nell\u2019orario di lavoro;<\/em><br \/><em>\u2022 ostracismo. molestie discriminazione ed il trattamento sfavorevole;<\/em><br \/><em>\u2022 mancato rinnovo o risoluzione anticipata di contratti a tempo determinato.<\/em><\/p>\n<p>Le sanzioni sono specificate all\u2019art. 21 del decreto e prevedono importi compresi tra i 10.000 ed i 50.000 euro.<br \/>Attenzione ai casi di mobbing e tutela privacy; occorre porre attenzione al fatto che non vanno accolte segnalazioni legate a interessi personali del dipendente e al suo rapporto individuale di lavoro e in particolare nei riguardi dei suoi superiori ma attenzione in caso di potenziali accuse di mobbing queste vanno vagliate, a tutela del lavoratore nell&#8217;ambito dell&#8217;art 2087 del Codice Civile.<\/p>\n<p>Per quanto riguarda la tutela della privacy del segnalante e in particolare in caso si ritenga necessario utilizzare l&#8217;identit\u00e0 del segnalante per risolvere la questione evidenziata, \u00e8 necessario ottenere il suo consenso (articolo 12, comma 5 del Dlgs 24\/2023). In caso di rifiuto \u00e8 consigliabile acquisire in ogni caso tutti gli ulteriori elementi collegati all&#8217;illecito segnalato, pur nel rispetto del requisito di specificit\u00e0 dell&#8217;accusa e del diritto di difesa del soggetto segnalato come possibile autore di illecito.<\/p>\n<p>La gestione del canale di segnalazione pu\u00f2 essere affidata a:<\/p>\n<p style=\"padding-left: 40px;\">\u2022 <em>una persona o a un ufficio interno autonomo dedicato e con personale specificamente formato,<\/em><br \/><em>\u2022 un soggetto esterno.<\/em><\/p>\n<p>Questi soggetti devono;<\/p>\n<ul>\n<li><em>rilasciare alla persona segnalante avviso di ricevimento della segnalazione entro sette giorni dalla data di ricezione,<\/em><\/li>\n<li><em>mantenere interlocuzioni con la persona segnalante e possono richiedere a quest&#8217;ultima, se necessario, integrazioni,<\/em><\/li>\n<li><em>dare diligente seguito alle segnalazioni ricevute con riscontro al segnalante entro tre mesi dalla data dell&#8217;avviso di ricevimento o, in mancanza di tale avviso, entro tre mesi dalla scadenza del termine di sette giorni dalla presentazione della segnalazione.<\/em><\/li>\n<\/ul>\n<\/div>\n<h2>\n<h2 class=\"elementor-heading-title elementor-size-default\"><b>Le PMI dovrebbero considerare i seguenti aspetti:<\/b><\/h2>\n<\/h2>\n<ul>\n<li>\n<p>        <img decoding=\"async\" src=\"\/wp-content\/uploads\/yootheme\/features-tools-01.svg\" alt=\"\"><\/p>\n<h3>Semplice<\/h3>\n<div>\n<p><span>Soluzione web facile e intuibile da utilizzare in modo che non vi siano ulteriori dubbi per i whistleblower quando si tratta di inviare segnalazioni&#8230;<\/span><\/p>\n<\/div>\n<\/li>\n<li>\n<p>        <img decoding=\"async\" src=\"\/wp-content\/uploads\/yootheme\/features-tools-02.svg\" alt=\"\"><\/p>\n<h3>Personalizzabile<\/h3>\n<div>\n<p><span>Il sistema di segnalazione \u00e8 fornito con una formula standard e adattato alla maggior parte delle strutture organizzative aziendali, ma su richiesta personalizzabile&#8230;<\/span><\/p>\n<\/div>\n<\/li>\n<li>\n<p>        <img decoding=\"async\" src=\"\/wp-content\/uploads\/yootheme\/company-office-icon-02.svg\" alt=\"\"><\/p>\n<h3>Vantaggioso<\/h3>\n<div>\n<p><span>Consente alle piccole e medie imprese di conformarsi in modo semplice ed efficace a tutti i requisiti e obblighi previsti dalla Direttiva UE sul Whistleblowing.<\/span><\/p>\n<\/div>\n<\/li>\n<li>\n<p>        <img decoding=\"async\" src=\"\/wp-content\/uploads\/yootheme\/features-tools-04.svg\" alt=\"\"><\/p>\n<h3>Sicuro<\/h3>\n<div>\n<p><span>Il sistema rispetta i requisiti della Direttiva ed \u00e8 stato progettato per garantire la riservatezza dell\u2019identit\u00e0 del segnalante. I dati sono trattati e gestiti conforme alla normativa GDPR.<\/span><\/p>\n<\/div>\n<\/li>\n<li>\n<p>        <img decoding=\"async\" src=\"\/wp-content\/uploads\/yootheme\/features-tools-05.svg\" alt=\"\"><\/p>\n<h3>Collaborativo<\/h3>\n<div>\n<p><span>Aiuta a costruire una cultura di fiducia e integrit\u00e0 nell\u2019azienda. Protegge non solo i vostri dipendenti, ma anche l&#8217;azienda, gestendo le segnalazioni prima che diventino problemi&#8230;<\/span><\/p>\n<\/div>\n<\/li>\n<li>\n<p>        <img decoding=\"async\" src=\"\/wp-content\/uploads\/yootheme\/features-tools-06.svg\" alt=\"\"><\/p>\n<h3>Aggiornabile<\/h3>\n<div>\n<p><span>Riduce al minimo i danni alla reputazione e i costi elevati. Agisce come deterrente e quindi aiuta a prevenire illeciti.\u00a0<\/span><\/p>\n<\/div>\n<\/li>\n<\/ul>\n<p><!--more--><br \/>\n<!-- {\"name\":\"Portfolio\",\"type\":\"layout\",\"children\":[{\"name\":\"Hero\",\"type\":\"section\",\"props\":{\"animation\":\"fade\",\"animation_delay\":\"200\",\"header_transparent\":\"light\",\"header_transparent_noplaceholder\":true,\"height\":\"percent\",\"image\":\"wp-content\\\/uploads\\\/yootheme\\\/features-hero-bg.svg\",\"image_loading\":true,\"image_position\":\"bottom-center\",\"image_size\":\"cover\",\"overlap\":true,\"padding\":\"xsmall\",\"padding_remove_top\":false,\"style\":\"default\",\"text_color\":\"light\",\"title_breakpoint\":\"xl\",\"title_position\":\"top-left\",\"title_rotation\":\"left\",\"vertical_align\":\"middle\",\"width\":\"default\"},\"children\":[{\"type\":\"row\",\"props\":{\"layout\":\"expand,large\"},\"children\":[{\"type\":\"column\",\"props\":{\"image_position\":\"center-center\",\"position_sticky_breakpoint\":\"m\",\"width_small\":\"expand\"},\"children\":[{\"type\":\"headline\",\"props\":{\"content\":\"\n\n<p class=\\\"default-h1 mt-4 text-white !font-medium\\\">Implementa un canale di segnalazione completamente conforme, sicuro e intuitivo.<\\\/p>\",\"text_align_breakpoint\":\"m\",\"text_align_fallback\":\"center\",\"title_element\":\"h1\",\"title_style\":\"heading-medium\"}},{\"type\":\"image\",\"props\":{\"image\":\"wp-content\\\/uploads\\\/yootheme\\\/company-image.svg\",\"image_loading\":true,\"image_svg_animate\":false,\"image_svg_color\":\"emphasis\",\"image_svg_inline\":true,\"image_width\":\"200\",\"link\":\"#cloud\",\"margin\":\"default\"}}]},{\"type\":\"column\",\"props\":{\"image_position\":\"center-center\",\"position_sticky_breakpoint\":\"m\",\"width_small\":\"medium\"},\"children\":[{\"type\":\"image\",\"props\":{\"animation\":\"parallax\",\"image\":\"wp-content\\\/uploads\\\/yootheme\\\/features-hero-bg-03.svg\",\"image_loading\":true,\"image_svg_color\":\"emphasis\",\"margin\":\"default\",\"parallax_easing\":\"1\",\"parallax_y\":\"500,100\",\"visibility\":\"s\"}}]}]}]},{\"name\":\"Feature\",\"type\":\"section\",\"props\":{\"animation\":\"slide-bottom\",\"animation_delay\":\"200\",\"id\":\"cloud\",\"image_position\":\"center-center\",\"padding\":\"small\",\"padding_remove_bottom\":false,\"style\":\"default\",\"title\":\"All Devices\",\"title_breakpoint\":\"xl\",\"title_position\":\"center-left\",\"title_rotation\":\"left\",\"vertical_align\":\"middle\",\"width\":\"default\"},\"children\":[{\"type\":\"row\",\"props\":{\"column_gap\":\"medium\",\"height\":\"percent\",\"layout\":\"2-3,1-3\",\"margin_remove_top\":false,\"vertical_align\":true},\"children\":[{\"type\":\"column\",\"props\":{\"image_position\":\"center-center\",\"position_sticky_breakpoint\":\"m\",\"vertical_align\":\"middle\",\"width_medium\":\"2-3\"},\"children\":[{\"type\":\"image\",\"props\":{\"image\":\"wp-content\\\/uploads\\\/yootheme\\\/features-feature-01-01.svg\",\"image_svg_animate\":true,\"image_svg_color\":\"muted\",\"image_svg_inline\":true,\"margin\":\"\",\"text_align\":\"left\",\"text_align_breakpoint\":\"m\",\"text_align_fallback\":\"center\"}},{\"type\":\"headline\",\"props\":{\"content\":\"Whistleblowing web\\n\n\n<div><\\\/div>\",\"margin\":\"small\",\"text_align\":\"left\",\"text_align_breakpoint\":\"m\",\"text_align_fallback\":\"center\",\"title_element\":\"h2\"}},{\"type\":\"text\",\"props\":{\"block_align\":\"center\",\"column_breakpoint\":\"m\",\"content\":\"\n\n<p>Il Whistleblowing \\u00e8 un termine di origine anglosassone che disciplina la condotta di quei soggetti, sia dipendenti di organizzazioni pubbliche o private sia terzi, che attuano un comportamento positivo di contrasto a qualunque condotta illecita e non improntata ai principi di eticit\\u00e0 ed integrit\\u00e0, attraverso la segnalazione di situazioni di cattiva gestione, irregolarit\\u00e0 o illiceit\\u00e0 interne all\\u2019organizzazione.<\\\/p>\",\"margin\":\"\",\"maxwidth\":\"2xlarge\",\"maxwidth_breakpoint\":\"s\",\"text_align\":\"left\",\"text_align_breakpoint\":\"m\",\"text_align_fallback\":\"center\"}}]},{\"type\":\"column\",\"props\":{\"image_position\":\"center-center\",\"position_sticky_breakpoint\":\"m\",\"vertical_align\":\"middle\",\"width_medium\":\"1-3\"},\"children\":[{\"type\":\"image\",\"props\":{\"image\":\"wp-content\\\/uploads\\\/yootheme\\\/features-feature-02-02.png\",\"image_loading\":true,\"image_svg_color\":\"emphasis\",\"image_width\":\"830\",\"margin\":\"default\"}}]}]}]},{\"name\":\"Feature-03\",\"type\":\"section\",\"props\":{\"animation\":\"slide-bottom\",\"animation_delay\":\"200\",\"id\":\"integrations\",\"image_position\":\"center-center\",\"padding\":\"small\",\"padding_remove_top\":true,\"style\":\"default\",\"title\":\"Integrations\",\"title_breakpoint\":\"xl\",\"title_position\":\"center-left\",\"title_rotation\":\"left\",\"vertical_align\":\"middle\",\"width\":\"default\"},\"children\":[{\"type\":\"row\",\"children\":[{\"type\":\"column\",\"props\":{\"image_position\":\"center-center\",\"position_sticky_breakpoint\":\"m\",\"width_medium\":\"1-4\"},\"children\":[{\"type\":\"image\",\"props\":{\"image\":\"wp-content\\\/uploads\\\/2023\\\/11\\\/overview.png\",\"image_svg_color\":\"emphasis\",\"margin\":\"default\"}}]},{\"type\":\"column\",\"props\":{\"image_position\":\"center-center\",\"position_sticky_breakpoint\":\"m\",\"width_medium\":\"3-4\"},\"children\":[{\"type\":\"headline\",\"props\":{\"content\":\"<span>Cosa devono fare i datori di lavoro.<\\\/span>\",\"title_element\":\"h1\"}},{\"type\":\"text\",\"props\":{\"column_breakpoint\":\"m\",\"content\":\"\n\n<p>Per le aziende private i datori di lavoro interessati devono predisporre procedure e canali di comunicazione utili a favorire le segnalazioni interne all'azienda, garantendo l'anonimato e la riservatezza dell'autore e dei documenti presentati. La tutela pu\\u00f2 riguardare anche lavoratori autonomi, non dipendenti, ma con rapporto di collaborazione o consulenza.<\\\/p>\\n\n\n<p>I canali di segnalazione possono prevedere l'utilizzo di forme scritte, digitali o con conversazioni dirette con il segnalante.<br \\\/>Devono essere messe a disposizione di tutti i dipendenti informazioni chiare sul canale, sulle procedure e sui presupposti per effettuare le segnalazioni interne o esterne ( nel caso in cui la segnalazione interna non abbia avuto seguito). Le informazioni vanno esposte e rese facilmente visibili nei luoghi di lavoro, nonche' rese accessibili alle persone che pur non frequentando i luoghi di lavoro intrattengono un rapporto giuridico e rese pubbliche eventualmente nel sito internet aziendale.<br \\\/>Il decreto 24 2023 precisa all'art 17 quali sono i casi di comportamenti ritorsivi verso chi segnala le irregolarit\\u00e0 che sono vietati .<\\\/p>\\n\n\n<p>Si tratta in particolare di:<\\\/p>\\n\n\n<p style=\\\"padding-left: 40px;\\\">\\u2022 <em>licenziamento;<\\\/em><br \\\/><em>\\u2022 sospensione, anche di natura disciplinare o misure analoghe;<\\\/em><br \\\/><em>\\u2022 mancate promozioni o le retrocessioni di grado;<\\\/em><br \\\/><em>\\u2022 cambiamento di mansioni;<\\\/em><br \\\/><em>\\u2022 trasferimento;<\\\/em><br \\\/><em>\\u2022 modifiche nell\\u2019orario di lavoro;<\\\/em><br \\\/><em>\\u2022 ostracismo. molestie discriminazione ed il trattamento sfavorevole;<\\\/em><br \\\/><em>\\u2022 mancato rinnovo o risoluzione anticipata di contratti a tempo determinato.<\\\/em><\\\/p>\\n\n\n<p>Le sanzioni sono specificate all\\u2019art. 21 del decreto e prevedono importi compresi tra i 10.000 ed i 50.000 euro.<br \\\/>Attenzione ai casi di mobbing e tutela privacy; occorre porre attenzione al fatto che non vanno accolte segnalazioni legate a interessi personali del dipendente e al suo rapporto individuale di lavoro e in particolare nei riguardi dei suoi superiori ma attenzione in caso di potenziali accuse di mobbing queste vanno vagliate, a tutela del lavoratore nell'ambito dell'art 2087 del Codice Civile.<\\\/p>\\n\n\n<p>Per quanto riguarda la tutela della privacy del segnalante e in particolare in caso si ritenga necessario utilizzare l'identit\\u00e0 del segnalante per risolvere la questione evidenziata, \\u00e8 necessario ottenere il suo consenso (articolo 12, comma 5 del Dlgs 24\\\/2023). In caso di rifiuto \\u00e8 consigliabile acquisire in ogni caso tutti gli ulteriori elementi collegati all'illecito segnalato, pur nel rispetto del requisito di specificit\\u00e0 dell'accusa e del diritto di difesa del soggetto segnalato come possibile autore di illecito.<\\\/p>\\n\n\n<p>La gestione del canale di segnalazione pu\\u00f2 essere affidata a:<\\\/p>\\n\n\n<p style=\\\"padding-left: 40px;\\\">\\u2022 <em>una persona o a un ufficio interno autonomo dedicato e con personale specificamente formato,<\\\/em><br \\\/><em>\\u2022 un soggetto esterno.<\\\/em><\\\/p>\\n\n\n<p>Questi soggetti devono;<\\\/p>\\n\n\n<ul>\\n\n\n<li><em>rilasciare alla persona segnalante avviso di ricevimento della segnalazione entro sette giorni dalla data di ricezione,<\\\/em><\\\/li>\\n\n\n<li><em>mantenere interlocuzioni con la persona segnalante e possono richiedere a quest'ultima, se necessario, integrazioni,<\\\/em><\\\/li>\\n\n\n<li><em>dare diligente seguito alle segnalazioni ricevute con riscontro al segnalante entro tre mesi dalla data dell'avviso di ricevimento o, in mancanza di tale avviso, entro tre mesi dalla scadenza del termine di sette giorni dalla presentazione della segnalazione.<\\\/em><\\\/li>\\n<\\\/ul>\",\"margin\":\"\",\"text_align\":\"justify\"}}]}],\"props\":{\"layout\":\"1-4,3-4\"}}]},{\"name\":\"Tools\",\"type\":\"section\",\"props\":{\"animation\":\"slide-bottom-medium\",\"animation_delay\":\"200\",\"id\":\"features\",\"image_position\":\"center-center\",\"padding\":\"small\",\"style\":\"default\",\"title_breakpoint\":\"xl\",\"title_position\":\"top-left\",\"title_rotation\":\"left\",\"vertical_align\":\"middle\",\"width\":\"default\"},\"children\":[{\"type\":\"row\",\"children\":[{\"type\":\"column\",\"props\":{\"image_position\":\"center-center\",\"position_sticky_breakpoint\":\"m\",\"width_medium\":\"1-1\"},\"children\":[{\"type\":\"headline\",\"props\":{\"content\":\"\n\n<h2 class=\\\"elementor-heading-title elementor-size-default\\\"><b>Le PMI dovrebbero considerare i seguenti aspetti:<\\\/b><\\\/h2>\",\"margin\":\"large\",\"text_align\":\"left\",\"text_align_breakpoint\":\"m\",\"text_align_fallback\":\"center\",\"title_element\":\"h2\",\"title_style\":\"h1\"}},{\"type\":\"grid\",\"props\":{\"animation\":\"slide-bottom-small\",\"content_column_breakpoint\":\"m\",\"filter_align\":\"left\",\"filter_all\":true,\"filter_grid_breakpoint\":\"m\",\"filter_grid_width\":\"auto\",\"filter_position\":\"top\",\"filter_style\":\"tab\",\"grid_column_gap\":\"large\",\"grid_default\":\"1\",\"grid_divider\":false,\"grid_medium\":\"3\",\"grid_row_gap\":\"large\",\"grid_small\":\"2\",\"icon_width\":80,\"image_align\":\"top\",\"image_grid_breakpoint\":\"m\",\"image_grid_width\":\"1-2\",\"image_svg_animate\":true,\"image_svg_color\":\"secondary\",\"image_svg_inline\":true,\"item_animation\":true,\"link_style\":\"default\",\"link_text\":\"Read more\",\"margin\":\"default\",\"meta_align\":\"below-title\",\"meta_element\":\"div\",\"meta_style\":\"text-meta\",\"parallax_easing\":\"1\",\"show_content\":true,\"show_image\":true,\"show_link\":true,\"show_meta\":true,\"show_title\":true,\"text_align\":\"left\",\"text_align_breakpoint\":\"m\",\"text_align_fallback\":\"center\",\"title_align\":\"top\",\"title_element\":\"h3\",\"title_grid_breakpoint\":\"m\",\"title_grid_width\":\"1-2\",\"title_hover_style\":\"reset\"},\"children\":[{\"type\":\"grid_item\",\"props\":{\"content\":\"\n\n<p><span>Soluzione web facile e intuibile da utilizzare in modo che non vi siano ulteriori dubbi per i whistleblower quando si tratta di inviare segnalazioni...<\\\/span><\\\/p>\",\"image\":\"wp-content\\\/uploads\\\/yootheme\\\/features-tools-01.svg\",\"title\":\"Semplice\"}},{\"type\":\"grid_item\",\"props\":{\"content\":\"\n\n<p><span>Il sistema di segnalazione \\u00e8 fornito con una formula standard e adattato alla maggior parte delle strutture organizzative aziendali, ma su richiesta personalizzabile...<\\\/span><\\\/p>\",\"image\":\"wp-content\\\/uploads\\\/yootheme\\\/features-tools-02.svg\",\"title\":\"Personalizzabile\"}},{\"type\":\"grid_item\",\"props\":{\"content\":\"\n\n<p><span>Consente alle piccole e medie imprese di conformarsi in modo semplice ed efficace a tutti i requisiti e obblighi previsti dalla Direttiva UE sul Whistleblowing.<\\\/span><\\\/p>\",\"image\":\"wp-content\\\/uploads\\\/yootheme\\\/company-office-icon-02.svg\",\"title\":\"Vantaggioso\"}},{\"type\":\"grid_item\",\"props\":{\"content\":\"\n\n<p><span>Il sistema rispetta i requisiti della Direttiva ed \\u00e8 stato progettato per garantire la riservatezza dell\\u2019identit\\u00e0 del segnalante. I dati sono trattati e gestiti conforme alla normativa GDPR.<\\\/span><\\\/p>\",\"image\":\"wp-content\\\/uploads\\\/yootheme\\\/features-tools-04.svg\",\"title\":\"Sicuro\"}},{\"type\":\"grid_item\",\"props\":{\"content\":\"\n\n<p><span>Aiuta a costruire una cultura di fiducia e integrit\\u00e0 nell\\u2019azienda. Protegge non solo i vostri dipendenti, ma anche l'azienda, gestendo le segnalazioni prima che diventino problemi...<\\\/span><\\\/p>\",\"image\":\"wp-content\\\/uploads\\\/yootheme\\\/features-tools-05.svg\",\"title\":\"Collaborativo\"}},{\"type\":\"grid_item\",\"props\":{\"content\":\"\n\n<p><span>Riduce al minimo i danni alla reputazione e i costi elevati. Agisce come deterrente e quindi aiuta a prevenire illeciti.\\u00a0<\\\/span><\\\/p>\",\"image\":\"wp-content\\\/uploads\\\/yootheme\\\/features-tools-06.svg\",\"title\":\"Aggiornabile\"}}]}]}]}]}],\"version\":\"4.1.3\"} --><\/p>\n","protected":false},"excerpt":{"rendered":"<p>Implementa un canale di segnalazione completamente conforme, sicuro e intuitivo. Whistleblowing web Il Whistleblowing \u00e8 un termine di origine anglosassone che disciplina la condotta di quei soggetti, sia dipendenti di organizzazioni pubbliche o private sia terzi, che attuano un comportamento positivo di contrasto a qualunque condotta illecita e non improntata ai principi di eticit\u00e0 ed [&hellip;]<\/p>\n","protected":false},"author":1,"featured_media":0,"parent":0,"menu_order":6,"comment_status":"open","ping_status":"open","template":"","meta":{"footnotes":""},"class_list":["post-2","page","type-page","status-publish","hentry"],"acf":[],"_links":{"self":[{"href":"https:\/\/whistleblowings.com\/index.php?rest_route=\/wp\/v2\/pages\/2","targetHints":{"allow":["GET"]}}],"collection":[{"href":"https:\/\/whistleblowings.com\/index.php?rest_route=\/wp\/v2\/pages"}],"about":[{"href":"https:\/\/whistleblowings.com\/index.php?rest_route=\/wp\/v2\/types\/page"}],"author":[{"embeddable":true,"href":"https:\/\/whistleblowings.com\/index.php?rest_route=\/wp\/v2\/users\/1"}],"replies":[{"embeddable":true,"href":"https:\/\/whistleblowings.com\/index.php?rest_route=%2Fwp%2Fv2%2Fcomments&post=2"}],"version-history":[{"count":52,"href":"https:\/\/whistleblowings.com\/index.php?rest_route=\/wp\/v2\/pages\/2\/revisions"}],"predecessor-version":[{"id":1451,"href":"https:\/\/whistleblowings.com\/index.php?rest_route=\/wp\/v2\/pages\/2\/revisions\/1451"}],"wp:attachment":[{"href":"https:\/\/whistleblowings.com\/index.php?rest_route=%2Fwp%2Fv2%2Fmedia&parent=2"}],"curies":[{"name":"wp","href":"https:\/\/api.w.org\/{rel}","templated":true}]}}