{"id":1383,"date":"2023-11-13T10:44:37","date_gmt":"2023-11-13T10:44:37","guid":{"rendered":"https:\/\/whistleblowings.com\/?page_id=1383"},"modified":"2023-11-13T10:44:37","modified_gmt":"2023-11-13T10:44:37","slug":"gdpr-privacy-policy","status":"publish","type":"page","link":"https:\/\/whistleblowings.com\/?page_id=1383","title":{"rendered":"GDPR Privacy Policy"},"content":{"rendered":"<p><img decoding=\"async\" src=\"\/wp-content\/uploads\/2023\/11\/home_FAQ-1.png\" alt=\"\"><\/p>\n<h1>GDPR Privacy Policy<\/p>\n<h3>INFORMATIVA DEL SITO WEB WHISTEBLOWINGS.COM E COOKIE POLICY<\/h3>\n<div><\/div>\n<\/h1>\n<div>\n<p>Informativa resa ai sensi del Regolamento (UE) GDPR 2016\/679 in materia di protezione dei dati personali agli utenti, in qualit\u00e0 di interessati, che consultano e usufruiscono dei servizi accessibili all\u2019indirizzo web www.whistleblowings.com, dove, durante la consultazione del sito possono essere raccolte informazioni relative agli utenti che costituiscono dati personali.<br \/>L\u2019informativa \u00e8 resa esclusivamente per questo sito e non riguarda eventuali altri siti raggiungibili dall\u2019utente tramite i link presenti sullo stesso.<\/p>\n<h3>TITOLARE DEL TRATTAMENTO E DATI DI CONTATTO<\/h3>\n<p>Il Titolare del trattamento dei dati personali \u00e8 TECNOSOFT srl; per ulteriori informazioni in materia di privacy, vi invitiamo a visitare il nostro sito internet www.tecnosoft.it nell\u2019apposita sezione \u201cGDPR Privacy\u201d. Per questioni attinenti il trattamento dei dati personali \u00e8 possibile contattarci al seguente indirizzo mail: dpo@tecnosoft.it.it<\/p>\n<h3>FINALITA\u2019 DEL TRATTAMENTO<\/h3>\n<p>I dati personali forniti dagli utenti sono utilizzati al solo fine di eseguire il servizio richiesto.<\/p>\n<h3>OGGETTO DEL TRATTAMENTO<\/h3>\n<p>Oggetto del trattamento sono i dati personali di cui Tecnosoft pu\u00f2 venire a conoscenza a seguito della navigazione sul sito internet della Societ\u00e0 da parte dell\u2019utente, o perch\u00e9 volontariamente forniti da questi, o perch\u00e9 correlati all\u2019attivazione dei cookie. In particolare, i tipi di dati trattati sono i seguenti:<\/p>\n<ul>\n<li><strong>Dati di navigazione<\/strong>: I sistemi informatici e le procedure software preposte al funzionamento di questo sito web acquisiscono, nel corso del loro normale esercizio, alcuni dati personali la cui trasmissione \u00e8 implicita nell\u2019uso dei protocolli di comunicazione di Internet. Si tratta di informazioni che non sono raccolte per essere associate a interessati identificati, ma che per loro stessa natura potrebbero, attraverso elaborazioni ed associazioni con dati detenuti da terzi, permettere di identificare gli utenti navigatori. In questa categoria di dati rientrano gli \u201cindirizzi IP\u201d o i nomi a dominio dei computer utilizzati dagli utenti che si connettono al sito, gli indirizzi in notazione URI (Uniform Resource Identifier) delle risorse richieste, l\u2019orario della richiesta, il metodo utilizzato nel sottoporre la richiesta al server web, la dimensione del file ottenuto in risposta, il codice numerico indicante lo stato della risposta data dal server web (buon fine, errore, ecc\u2026) ed altri parametri relativi al sistema operativo ed all\u2019ambiente informatico dell\u2019utente. Questi dati vengono utilizzati al solo fine di ricavare informazioni statistiche anonime sull\u2019uso del sito e per controllarne il corretto funzionamento.<\/li>\n<li><strong>Dati forniti volontariamente dall\u2019utente<\/strong>: L\u2019invio facoltativo, esplicito e volontario di posta elettronica comporta la successiva acquisizione dell\u2019indirizzo e-mail e degli eventuali altri dati personali inseriti nella comunicazione elettronica, nonch\u00e9 dei dati del mittente\/utente, necessari per rispondere alle richieste.<\/li>\n<li><strong>Cookie<\/strong>: All\u2019interno del sito web verranno utilizzati i cookie tecnici. Lo scopo dei cookie \u00e8 quello di migliorare l\u2019esperienza d\u2019uso del sito web. I cookie sono file di testo di piccole dimensioni che il sito trasmette al browser presente sul dispositivo dove vengono memorizzati per un successivo recupero durante la successiva visita del medesimo utente. Generalmente, all\u2019interno di un cookie viene memorizzato il nome del dominio da cui \u00e8 stato impostato, la sua durata e un identificatore univoco.<\/li>\n<\/ul>\n<h3>MODALIT\u00c0 DEL TRATTAMENTO, TEMPI DI CONSERVAZIONE DEI DATI E MISURE DI SICUREZZA<\/h3>\n<p>Il trattamento dei dati personali avviene mediante strumenti informatici e telematici e in modo da garantire la sicurezza e la riservatezza dei dati stessi.<br \/>I dati personali sono conservati per il tempo necessario a conseguire gli scopi per cui sono stati raccolti.<br \/>Specifiche misure di sicurezza sono osservate per prevenire la perdita dei dati, usi illeciti o non corretti ed accessi non autorizzati.<\/p>\n<h3>SOGGETTI AI QUALI I DATI POTRANNO ESSERE COMUNICATI<\/h3>\n<p>I trattamenti di dati connessi ai servizi web di questo sito sono curati da personale tecnico incaricato del trattamento da parte di Tecnosoft oppure da soggetti di nostra fiducia, affinch\u00e9 svolgano determinati trattamenti per nostro conto, ad esempio, societ\u00e0 di consulenza. Tali soggetti, se ne ricorrono le circostanze, sono da noi nominati quali Responsabili del trattamento ai sensi dell\u2019art. 28 Regolamento UE. I dati raccolti non verranno in ogni caso diffusi.<\/p>\n<h3>DIRITTI DEGLI INTERESSATI<\/h3>\n<p>Il Regolamento UE conferisce agli interessati l\u2019esercizio di specifici diritti, tra i quali quello di conoscere quali sono i dati personali trattati dal Titolare del trattamento e come questi vengono utilizzati (diritto di accesso), quello di ottenerne l\u2019aggiornamento, la rettifica o l\u2019integrazione, nonch\u00e9 la cancellazione; diritto alla limitazione del trattamento, diritto di opposizione al trattamento, diritto alla portabilit\u00e0, diritto di proporre reclamo e di revoca del consenso senza che ci\u00f2 per\u00f2 pregiudichi la liceit\u00e0 del trattamento effettuato prima della revoca. In qualit\u00e0 di interessato, Lei potr\u00e0 esercitare in qualsiasi momento, nei confronti del Titolare del trattamento, i diritti sopra elencati previsti dal Regolamento UE, inviando un\u2019apposita richiesta per iscritto all\u2019indirizzo dpo@tecnosoft.it<br \/>Aggiornato al 13 gennaio 2020<\/p>\n<\/div>\n<p><!--more--><br \/>\n<!-- {\"type\":\"layout\",\"children\":[{\"type\":\"section\",\"props\":{\"image_position\":\"center-center\",\"style\":\"default\",\"title_breakpoint\":\"xl\",\"title_position\":\"top-left\",\"title_rotation\":\"left\",\"vertical_align\":\"middle\",\"width\":\"default\"},\"children\":[{\"type\":\"row\",\"children\":[{\"type\":\"column\",\"props\":{\"image_position\":\"center-center\",\"position_sticky_breakpoint\":\"m\",\"width_medium\":\"1-4\"},\"children\":[{\"type\":\"image\",\"props\":{\"image\":\"wp-content\\\/uploads\\\/2023\\\/11\\\/home_FAQ-1.png\",\"image_svg_color\":\"emphasis\",\"margin\":\"default\"}}]},{\"type\":\"column\",\"props\":{\"image_position\":\"center-center\",\"position_sticky_breakpoint\":\"m\",\"width_medium\":\"3-4\"},\"children\":[{\"type\":\"headline\",\"props\":{\"content\":\"GDPR Privacy Policy<br \\\/>\\n\n\n<h3>INFORMATIVA DEL SITO WEB WHISTEBLOWINGS.COM E COOKIE POLICY<\\\/h3>\\n\n\n<div><\\\/div>\",\"title_element\":\"h1\"}},{\"type\":\"text\",\"props\":{\"column_breakpoint\":\"m\",\"content\":\"\n\n<p>Informativa resa ai sensi del Regolamento (UE) GDPR 2016\\\/679 in materia di protezione dei dati personali agli utenti, in qualit\\u00e0 di interessati, che consultano e usufruiscono dei servizi accessibili all\\u2019indirizzo web www.whistleblowings.com, dove, durante la consultazione del sito possono essere raccolte informazioni relative agli utenti che costituiscono dati personali.<br \\\/>L\\u2019informativa \\u00e8 resa esclusivamente per questo sito e non riguarda eventuali altri siti raggiungibili dall\\u2019utente tramite i link presenti sullo stesso.<\\\/p>\\n\n\n<h3>TITOLARE DEL TRATTAMENTO E DATI DI CONTATTO<\\\/h3>\\n\n\n<p>Il Titolare del trattamento dei dati personali \\u00e8 TECNOSOFT srl; per ulteriori informazioni in materia di privacy, vi invitiamo a visitare il nostro sito internet www.tecnosoft.it nell\\u2019apposita sezione \\u201cGDPR Privacy\\u201d. Per questioni attinenti il trattamento dei dati personali \\u00e8 possibile contattarci al seguente indirizzo mail: dpo@tecnosoft.it.it<\\\/p>\\n\n\n<h3>FINALITA\\u2019 DEL TRATTAMENTO<\\\/h3>\\n\n\n<p>I dati personali forniti dagli utenti sono utilizzati al solo fine di eseguire il servizio richiesto.<\\\/p>\\n\n\n<h3>OGGETTO DEL TRATTAMENTO<\\\/h3>\\n\n\n<p>Oggetto del trattamento sono i dati personali di cui Tecnosoft pu\\u00f2 venire a conoscenza a seguito della navigazione sul sito internet della Societ\\u00e0 da parte dell\\u2019utente, o perch\\u00e9 volontariamente forniti da questi, o perch\\u00e9 correlati all\\u2019attivazione dei cookie. In particolare, i tipi di dati trattati sono i seguenti:<\\\/p>\\n\n\n<ul>\\n\n\n<li><strong>Dati di navigazione<\\\/strong>: I sistemi informatici e le procedure software preposte al funzionamento di questo sito web acquisiscono, nel corso del loro normale esercizio, alcuni dati personali la cui trasmissione \\u00e8 implicita nell\\u2019uso dei protocolli di comunicazione di Internet. Si tratta di informazioni che non sono raccolte per essere associate a interessati identificati, ma che per loro stessa natura potrebbero, attraverso elaborazioni ed associazioni con dati detenuti da terzi, permettere di identificare gli utenti navigatori. In questa categoria di dati rientrano gli \\u201cindirizzi IP\\u201d o i nomi a dominio dei computer utilizzati dagli utenti che si connettono al sito, gli indirizzi in notazione URI (Uniform Resource Identifier) delle risorse richieste, l\\u2019orario della richiesta, il metodo utilizzato nel sottoporre la richiesta al server web, la dimensione del file ottenuto in risposta, il codice numerico indicante lo stato della risposta data dal server web (buon fine, errore, ecc\\u2026) ed altri parametri relativi al sistema operativo ed all\\u2019ambiente informatico dell\\u2019utente. Questi dati vengono utilizzati al solo fine di ricavare informazioni statistiche anonime sull\\u2019uso del sito e per controllarne il corretto funzionamento.<\\\/li>\\n\n\n<li><strong>Dati forniti volontariamente dall\\u2019utente<\\\/strong>: L\\u2019invio facoltativo, esplicito e volontario di posta elettronica comporta la successiva acquisizione dell\\u2019indirizzo e-mail e degli eventuali altri dati personali inseriti nella comunicazione elettronica, nonch\\u00e9 dei dati del mittente\\\/utente, necessari per rispondere alle richieste.<\\\/li>\\n\n\n<li><strong>Cookie<\\\/strong>: All\\u2019interno del sito web verranno utilizzati i cookie tecnici. Lo scopo dei cookie \\u00e8 quello di migliorare l\\u2019esperienza d\\u2019uso del sito web. I cookie sono file di testo di piccole dimensioni che il sito trasmette al browser presente sul dispositivo dove vengono memorizzati per un successivo recupero durante la successiva visita del medesimo utente. Generalmente, all\\u2019interno di un cookie viene memorizzato il nome del dominio da cui \\u00e8 stato impostato, la sua durata e un identificatore univoco.<\\\/li>\\n<\\\/ul>\\n\n\n<h3>MODALIT\\u00c0 DEL TRATTAMENTO, TEMPI DI CONSERVAZIONE DEI DATI E MISURE DI SICUREZZA<\\\/h3>\\n\n\n<p>Il trattamento dei dati personali avviene mediante strumenti informatici e telematici e in modo da garantire la sicurezza e la riservatezza dei dati stessi.<br \\\/>I dati personali sono conservati per il tempo necessario a conseguire gli scopi per cui sono stati raccolti.<br \\\/>Specifiche misure di sicurezza sono osservate per prevenire la perdita dei dati, usi illeciti o non corretti ed accessi non autorizzati.<\\\/p>\\n\n\n<h3>SOGGETTI AI QUALI I DATI POTRANNO ESSERE COMUNICATI<\\\/h3>\\n\n\n<p>I trattamenti di dati connessi ai servizi web di questo sito sono curati da personale tecnico incaricato del trattamento da parte di Tecnosoft oppure da soggetti di nostra fiducia, affinch\\u00e9 svolgano determinati trattamenti per nostro conto, ad esempio, societ\\u00e0 di consulenza. Tali soggetti, se ne ricorrono le circostanze, sono da noi nominati quali Responsabili del trattamento ai sensi dell\\u2019art. 28 Regolamento UE. I dati raccolti non verranno in ogni caso diffusi.<\\\/p>\\n\n\n<h3>DIRITTI DEGLI INTERESSATI<\\\/h3>\\n\n\n<p>Il Regolamento UE conferisce agli interessati l\\u2019esercizio di specifici diritti, tra i quali quello di conoscere quali sono i dati personali trattati dal Titolare del trattamento e come questi vengono utilizzati (diritto di accesso), quello di ottenerne l\\u2019aggiornamento, la rettifica o l\\u2019integrazione, nonch\\u00e9 la cancellazione; diritto alla limitazione del trattamento, diritto di opposizione al trattamento, diritto alla portabilit\\u00e0, diritto di proporre reclamo e di revoca del consenso senza che ci\\u00f2 per\\u00f2 pregiudichi la liceit\\u00e0 del trattamento effettuato prima della revoca. In qualit\\u00e0 di interessato, Lei potr\\u00e0 esercitare in qualsiasi momento, nei confronti del Titolare del trattamento, i diritti sopra elencati previsti dal Regolamento UE, inviando un\\u2019apposita richiesta per iscritto all\\u2019indirizzo dpo@tecnosoft.it<br \\\/>Aggiornato al 13 gennaio 2020<\\\/p>\",\"margin\":\"default\"}}]}],\"props\":{\"layout\":\"1-4,3-4\"}}]}],\"version\":\"4.1.3\"} --><\/p>\n","protected":false},"excerpt":{"rendered":"<p>GDPR Privacy Policy INFORMATIVA DEL SITO WEB WHISTEBLOWINGS.COM E COOKIE POLICY Informativa resa ai sensi del Regolamento (UE) GDPR 2016\/679 in materia di protezione dei dati personali agli utenti, in qualit\u00e0 di interessati, che consultano e usufruiscono dei servizi accessibili all\u2019indirizzo web www.whistleblowings.com, dove, durante la consultazione del sito possono essere raccolte informazioni relative agli [&hellip;]<\/p>\n","protected":false},"author":1,"featured_media":0,"parent":0,"menu_order":0,"comment_status":"closed","ping_status":"closed","template":"","meta":{"footnotes":""},"class_list":["post-1383","page","type-page","status-publish","hentry"],"acf":[],"_links":{"self":[{"href":"https:\/\/whistleblowings.com\/index.php?rest_route=\/wp\/v2\/pages\/1383","targetHints":{"allow":["GET"]}}],"collection":[{"href":"https:\/\/whistleblowings.com\/index.php?rest_route=\/wp\/v2\/pages"}],"about":[{"href":"https:\/\/whistleblowings.com\/index.php?rest_route=\/wp\/v2\/types\/page"}],"author":[{"embeddable":true,"href":"https:\/\/whistleblowings.com\/index.php?rest_route=\/wp\/v2\/users\/1"}],"replies":[{"embeddable":true,"href":"https:\/\/whistleblowings.com\/index.php?rest_route=%2Fwp%2Fv2%2Fcomments&post=1383"}],"version-history":[{"count":8,"href":"https:\/\/whistleblowings.com\/index.php?rest_route=\/wp\/v2\/pages\/1383\/revisions"}],"predecessor-version":[{"id":1397,"href":"https:\/\/whistleblowings.com\/index.php?rest_route=\/wp\/v2\/pages\/1383\/revisions\/1397"}],"wp:attachment":[{"href":"https:\/\/whistleblowings.com\/index.php?rest_route=%2Fwp%2Fv2%2Fmedia&parent=1383"}],"curies":[{"name":"wp","href":"https:\/\/api.w.org\/{rel}","templated":true}]}}